{"id":3,"date":"2021-10-14T13:05:18","date_gmt":"2021-10-14T11:05:18","guid":{"rendered":"https:\/\/www.octagon-support.eu\/?page_id=3"},"modified":"2026-03-04T15:51:08","modified_gmt":"2026-03-04T14:51:08","slug":"cookiebeleid","status":"publish","type":"page","link":"https:\/\/www.octagon-support.eu\/nl\/cookiebeleid\/","title":{"rendered":"Cookiebeleid"},"content":{"rendered":"<h3>Wat zijn cookies?<\/h3>\n<p>Cookies (zogenaamde \"koekjes\") worden gebruikt om IT-gegevens, meestal in de vorm van tekstbestanden, op te slaan op het eindapparaat van de gebruiker (bijv. computer, laptop, smartphone). Cookies bevatten meestal de naam van de website waar ze vandaan komen, de tijd dat ze op het eindapparaat zijn opgeslagen en een uniek nummer.<\/p>\n<h3>Gebruikte soorten cookies<\/h3>\n<p><strong>Sessie cookies<\/strong><\/p>\n<p>Ze worden gebruikt om keuzes van de gebruiker te onthouden en onder andere bij het inloggen. Ze blijven op het apparaat van de gebruiker totdat de gebruiker zich afmeldt van de website of de browser sluit.<\/p>\n<p><strong>Analyse cookies<\/strong><\/p>\n<p>Cookies om gegevens te verzamelen over het gebruik van de website, waaronder inhoud waarop de gebruiker heeft geklikt tijdens het surfen op de website.<\/p>\n<h3>Gebruik van cookies<\/h3>\n<p>Cookies worden gebruikt om uw instellingen op te slaan en de inhoud van websites aan te passen aan uw voorkeuren. Ze worden ook gebruikt om anonieme statistieken te maken die helpen te begrijpen hoe gebruikers de websites gebruiken. Dit maakt het mogelijk om hun structuur en inhoud te verbeteren. Cookies worden niet gebruikt om u persoonlijk te identificeren en uw identiteit wordt er niet uit afgeleid.<\/p>\n<h3>Verwijderen van cookies<\/h3>\n<p>Hoe u cookies kunt blokkeren of verwijderen, hangt af van de webbrowser die u gebruikt. Raadpleeg de Help van uw webbrowser voor meer informatie over het beheren van cookies.<\/p>","protected":false},"excerpt":{"rendered":"<p>Czym s\u0105 pliki \u201ecookies\u201d? Pliki cookies (tzw. ciasteczka) s\u0142u\u017c\u0105 do przechowywania danych informatycznych, najcz\u0119\u015bciej w formie plik\u00f3w tekstowych, w urz\u0105dzeniu ko\u0144cowym u\u017cytkownika (np. komputerze, laptopie, smartfonie). Cookies zazwyczaj zawieraj\u0105 nazw\u0119 strony internetowej z kt\u00f3rej pochodz\u0105, czas przechowywania ich na urz\u0105dzeniu ko\u0144cowym oraz unikalny numer. Rodzaje u\u017cywanych plik\u00f3w \u201ecookies\u201d Sesyjne pliki cookies S\u0142u\u017c\u0105 do zapami\u0119tania wybor\u00f3w&#8230;<\/p>","protected":false},"author":1,"featured_media":0,"parent":0,"menu_order":0,"comment_status":"closed","ping_status":"closed","template":"","meta":{"_acf_changed":false,"_yoast_wpseo_metadesc":"","footnotes":""},"class_list":["post-3","page","type-page","status-publish","hentry"],"acf":[],"yoast_head":"<!-- This site is optimized with the Yoast SEO plugin v27.1.1 - https:\/\/yoast.com\/product\/yoast-seo-wordpress\/ -->\n<title>Polityka plik\u00f3w cookies - Octagon Support<\/title>\n<meta name=\"robots\" content=\"noindex, follow\" \/>\n<meta property=\"og:locale\" content=\"nl_NL\" \/>\n<meta property=\"og:type\" content=\"article\" \/>\n<meta property=\"og:title\" content=\"Polityka plik\u00f3w cookies - Octagon Support\" \/>\n<meta property=\"og:description\" content=\"Czym s\u0105 pliki \u201ecookies\u201d? Pliki cookies (tzw. ciasteczka) s\u0142u\u017c\u0105 do przechowywania danych informatycznych, najcz\u0119\u015bciej w formie plik\u00f3w tekstowych, w urz\u0105dzeniu ko\u0144cowym u\u017cytkownika (np. komputerze, laptopie, smartfonie). Cookies zazwyczaj zawieraj\u0105 nazw\u0119 strony internetowej z kt\u00f3rej pochodz\u0105, czas przechowywania ich na urz\u0105dzeniu ko\u0144cowym oraz unikalny numer. Rodzaje u\u017cywanych plik\u00f3w \u201ecookies\u201d Sesyjne pliki cookies S\u0142u\u017c\u0105 do zapami\u0119tania wybor\u00f3w...\" \/>\n<meta property=\"og:url\" content=\"https:\/\/www.octagon-support.eu\/nl\/cookiebeleid\/\" \/>\n<meta property=\"og:site_name\" content=\"Octagon Support\" \/>\n<meta property=\"article:modified_time\" content=\"2026-03-04T14:51:08+00:00\" \/>\n<meta name=\"twitter:card\" content=\"summary_large_image\" \/>\n<meta name=\"twitter:label1\" content=\"Geschatte leestijd\" \/>\n\t<meta name=\"twitter:data1\" content=\"2 minuten\" \/>\n<script type=\"application\/ld+json\" class=\"yoast-schema-graph\">{\"@context\":\"https:\/\/schema.org\",\"@graph\":[{\"@type\":\"WebPage\",\"@id\":\"https:\/\/www.octagon-support.eu\/polityka-plikow-cookies\/\",\"url\":\"https:\/\/www.octagon-support.eu\/polityka-plikow-cookies\/\",\"name\":\"Polityka plik\u00f3w cookies - Octagon Support\",\"isPartOf\":{\"@id\":\"https:\/\/www.octagon-support.eu\/#website\"},\"datePublished\":\"2021-10-14T11:05:18+00:00\",\"dateModified\":\"2026-03-04T14:51:08+00:00\",\"breadcrumb\":{\"@id\":\"https:\/\/www.octagon-support.eu\/polityka-plikow-cookies\/#breadcrumb\"},\"inLanguage\":\"nl-NL\",\"potentialAction\":[{\"@type\":\"ReadAction\",\"target\":[\"https:\/\/www.octagon-support.eu\/polityka-plikow-cookies\/\"]}]},{\"@type\":\"BreadcrumbList\",\"@id\":\"https:\/\/www.octagon-support.eu\/polityka-plikow-cookies\/#breadcrumb\",\"itemListElement\":[{\"@type\":\"ListItem\",\"position\":1,\"name\":\"Strona g\u0142\u00f3wna\",\"item\":\"https:\/\/www.octagon-support.eu\/\"},{\"@type\":\"ListItem\",\"position\":2,\"name\":\"Polityka plik\u00f3w cookies\"}]},{\"@type\":\"WebSite\",\"@id\":\"https:\/\/www.octagon-support.eu\/#website\",\"url\":\"https:\/\/www.octagon-support.eu\/\",\"name\":\"Octagon\",\"description\":\"Kompleksowe wsparcie dla Twojego biznesu z Holandii\",\"publisher\":{\"@id\":\"https:\/\/www.octagon-support.eu\/#organization\"},\"potentialAction\":[{\"@type\":\"SearchAction\",\"target\":{\"@type\":\"EntryPoint\",\"urlTemplate\":\"https:\/\/www.octagon-support.eu\/?s={search_term_string}\"},\"query-input\":{\"@type\":\"PropertyValueSpecification\",\"valueRequired\":true,\"valueName\":\"search_term_string\"}}],\"inLanguage\":\"nl-NL\"},{\"@type\":\"Organization\",\"@id\":\"https:\/\/www.octagon-support.eu\/#organization\",\"name\":\"Octagon\",\"url\":\"https:\/\/www.octagon-support.eu\/\",\"logo\":{\"@type\":\"ImageObject\",\"inLanguage\":\"nl-NL\",\"@id\":\"https:\/\/www.octagon-support.eu\/#\/schema\/logo\/image\/\",\"url\":\"https:\/\/www.octagon-support.eu\/wp-content\/uploads\/2025\/07\/logo.webp\",\"contentUrl\":\"https:\/\/www.octagon-support.eu\/wp-content\/uploads\/2025\/07\/logo.webp\",\"width\":210,\"height\":210,\"caption\":\"Octagon\"},\"image\":{\"@id\":\"https:\/\/www.octagon-support.eu\/#\/schema\/logo\/image\/\"}}]}<\/script>\n<!-- \/ Yoast SEO plugin. -->","yoast_head_json":{"title":"Cookiebeleid - Octagon Support","robots":{"index":"noindex","follow":"follow"},"og_locale":"nl_NL","og_type":"article","og_title":"Polityka plik\u00f3w cookies - Octagon Support","og_description":"Czym s\u0105 pliki \u201ecookies\u201d? Pliki cookies (tzw. ciasteczka) s\u0142u\u017c\u0105 do przechowywania danych informatycznych, najcz\u0119\u015bciej w formie plik\u00f3w tekstowych, w urz\u0105dzeniu ko\u0144cowym u\u017cytkownika (np. komputerze, laptopie, smartfonie). Cookies zazwyczaj zawieraj\u0105 nazw\u0119 strony internetowej z kt\u00f3rej pochodz\u0105, czas przechowywania ich na urz\u0105dzeniu ko\u0144cowym oraz unikalny numer. Rodzaje u\u017cywanych plik\u00f3w \u201ecookies\u201d Sesyjne pliki cookies S\u0142u\u017c\u0105 do zapami\u0119tania wybor\u00f3w...","og_url":"https:\/\/www.octagon-support.eu\/nl\/cookiebeleid\/","og_site_name":"Octagon Support","article_modified_time":"2026-03-04T14:51:08+00:00","twitter_card":"summary_large_image","twitter_misc":{"Geschatte leestijd":"2 minuten"},"schema":{"@context":"https:\/\/schema.org","@graph":[{"@type":"WebPage","@id":"https:\/\/www.octagon-support.eu\/polityka-plikow-cookies\/","url":"https:\/\/www.octagon-support.eu\/polityka-plikow-cookies\/","name":"Cookiebeleid - Octagon Support","isPartOf":{"@id":"https:\/\/www.octagon-support.eu\/#website"},"datePublished":"2021-10-14T11:05:18+00:00","dateModified":"2026-03-04T14:51:08+00:00","breadcrumb":{"@id":"https:\/\/www.octagon-support.eu\/polityka-plikow-cookies\/#breadcrumb"},"inLanguage":"nl-NL","potentialAction":[{"@type":"ReadAction","target":["https:\/\/www.octagon-support.eu\/polityka-plikow-cookies\/"]}]},{"@type":"BreadcrumbList","@id":"https:\/\/www.octagon-support.eu\/polityka-plikow-cookies\/#breadcrumb","itemListElement":[{"@type":"ListItem","position":1,"name":"Strona g\u0142\u00f3wna","item":"https:\/\/www.octagon-support.eu\/"},{"@type":"ListItem","position":2,"name":"Polityka plik\u00f3w cookies"}]},{"@type":"WebSite","@id":"https:\/\/www.octagon-support.eu\/#website","url":"https:\/\/www.octagon-support.eu\/","name":"Achthoek","description":"Uitgebreide ondersteuning voor uw bedrijf vanuit Nederland","publisher":{"@id":"https:\/\/www.octagon-support.eu\/#organization"},"potentialAction":[{"@type":"SearchAction","target":{"@type":"EntryPoint","urlTemplate":"https:\/\/www.octagon-support.eu\/?s={search_term_string}"},"query-input":{"@type":"PropertyValueSpecification","valueRequired":true,"valueName":"search_term_string"}}],"inLanguage":"nl-NL"},{"@type":"Organization","@id":"https:\/\/www.octagon-support.eu\/#organization","name":"Achthoek","url":"https:\/\/www.octagon-support.eu\/","logo":{"@type":"ImageObject","inLanguage":"nl-NL","@id":"https:\/\/www.octagon-support.eu\/#\/schema\/logo\/image\/","url":"https:\/\/www.octagon-support.eu\/wp-content\/uploads\/2025\/07\/logo.webp","contentUrl":"https:\/\/www.octagon-support.eu\/wp-content\/uploads\/2025\/07\/logo.webp","width":210,"height":210,"caption":"Octagon"},"image":{"@id":"https:\/\/www.octagon-support.eu\/#\/schema\/logo\/image\/"}}]}},"_links":{"self":[{"href":"https:\/\/www.octagon-support.eu\/nl\/wp-json\/wp\/v2\/pages\/3","targetHints":{"allow":["GET"]}}],"collection":[{"href":"https:\/\/www.octagon-support.eu\/nl\/wp-json\/wp\/v2\/pages"}],"about":[{"href":"https:\/\/www.octagon-support.eu\/nl\/wp-json\/wp\/v2\/types\/page"}],"author":[{"embeddable":true,"href":"https:\/\/www.octagon-support.eu\/nl\/wp-json\/wp\/v2\/users\/1"}],"replies":[{"embeddable":true,"href":"https:\/\/www.octagon-support.eu\/nl\/wp-json\/wp\/v2\/comments?post=3"}],"version-history":[{"count":1,"href":"https:\/\/www.octagon-support.eu\/nl\/wp-json\/wp\/v2\/pages\/3\/revisions"}],"predecessor-version":[{"id":23,"href":"https:\/\/www.octagon-support.eu\/nl\/wp-json\/wp\/v2\/pages\/3\/revisions\/23"}],"wp:attachment":[{"href":"https:\/\/www.octagon-support.eu\/nl\/wp-json\/wp\/v2\/media?parent=3"}],"curies":[{"name":"wp","href":"https:\/\/api.w.org\/{rel}","templated":true}]}}