{"id":3,"date":"2021-10-14T13:05:18","date_gmt":"2021-10-14T11:05:18","guid":{"rendered":"https:\/\/www.octagon-support.eu\/?page_id=3"},"modified":"2026-03-04T15:51:08","modified_gmt":"2026-03-04T14:51:08","slug":"cookie-policy","status":"publish","type":"page","link":"https:\/\/www.octagon-support.eu\/en\/cookie-policy\/","title":{"rendered":"Cookie policy"},"content":{"rendered":"<h3>What are cookies?<\/h3>\n<p>Cookies (so-called \"cookies\") are used to store IT data, usually in the form of text files, on the user's terminal device (e.g. computer, laptop, smartphone). Cookies usually contain the name of the website they come from, the time they are stored on the end device and a unique number.<\/p>\n<h3>Types of cookies used<\/h3>\n<p><strong>Session cookies<\/strong><\/p>\n<p>They are used to remember choices made by the user and, among other things, when logging in. They remain on the user's device until the user logs out of the website or closes the browser.<\/p>\n<p><strong>Analysis cookies<\/strong><\/p>\n<p>Cookies to collect data related to the use of the website, including content clicked on by the user while browsing the website.<\/p>\n<h3>Use of cookies<\/h3>\n<p>Cookies are used to save your settings and adapt the content of websites to your preferences. They are also used to create anonymous statistics that help to understand how users use the websites. This makes it possible to improve their structure and content. Cookies are not used to identify you personally and your identity is not determined from them.<\/p>\n<h3>Deletion of cookies<\/h3>\n<p>How to block or delete cookies varies depending on the web browser you use. For more information on how to manage cookies, please refer to the Help of your web browser.<\/p>","protected":false},"excerpt":{"rendered":"<p>Czym s\u0105 pliki \u201ecookies\u201d? Pliki cookies (tzw. ciasteczka) s\u0142u\u017c\u0105 do przechowywania danych informatycznych, najcz\u0119\u015bciej w formie plik\u00f3w tekstowych, w urz\u0105dzeniu ko\u0144cowym u\u017cytkownika (np. komputerze, laptopie, smartfonie). Cookies zazwyczaj zawieraj\u0105 nazw\u0119 strony internetowej z kt\u00f3rej pochodz\u0105, czas przechowywania ich na urz\u0105dzeniu ko\u0144cowym oraz unikalny numer. Rodzaje u\u017cywanych plik\u00f3w \u201ecookies\u201d Sesyjne pliki cookies S\u0142u\u017c\u0105 do zapami\u0119tania wybor\u00f3w&#8230;<\/p>","protected":false},"author":1,"featured_media":0,"parent":0,"menu_order":0,"comment_status":"closed","ping_status":"closed","template":"","meta":{"_acf_changed":false,"_yoast_wpseo_metadesc":"","footnotes":""},"class_list":["post-3","page","type-page","status-publish","hentry"],"acf":[],"yoast_head":"<!-- This site is optimized with the Yoast SEO plugin v27.1.1 - https:\/\/yoast.com\/product\/yoast-seo-wordpress\/ -->\n<title>Polityka plik\u00f3w cookies - Octagon Support<\/title>\n<meta name=\"robots\" content=\"noindex, follow\" \/>\n<meta property=\"og:locale\" content=\"en_GB\" \/>\n<meta property=\"og:type\" content=\"article\" \/>\n<meta property=\"og:title\" content=\"Polityka plik\u00f3w cookies - Octagon Support\" \/>\n<meta property=\"og:description\" content=\"Czym s\u0105 pliki \u201ecookies\u201d? Pliki cookies (tzw. ciasteczka) s\u0142u\u017c\u0105 do przechowywania danych informatycznych, najcz\u0119\u015bciej w formie plik\u00f3w tekstowych, w urz\u0105dzeniu ko\u0144cowym u\u017cytkownika (np. komputerze, laptopie, smartfonie). Cookies zazwyczaj zawieraj\u0105 nazw\u0119 strony internetowej z kt\u00f3rej pochodz\u0105, czas przechowywania ich na urz\u0105dzeniu ko\u0144cowym oraz unikalny numer. Rodzaje u\u017cywanych plik\u00f3w \u201ecookies\u201d Sesyjne pliki cookies S\u0142u\u017c\u0105 do zapami\u0119tania wybor\u00f3w...\" \/>\n<meta property=\"og:url\" content=\"https:\/\/www.octagon-support.eu\/en\/cookie-policy\/\" \/>\n<meta property=\"og:site_name\" content=\"Octagon Support\" \/>\n<meta property=\"article:modified_time\" content=\"2026-03-04T14:51:08+00:00\" \/>\n<meta name=\"twitter:card\" content=\"summary_large_image\" \/>\n<meta name=\"twitter:label1\" content=\"Estimated reading time\" \/>\n\t<meta name=\"twitter:data1\" content=\"2 minutes\" \/>\n<script type=\"application\/ld+json\" class=\"yoast-schema-graph\">{\"@context\":\"https:\/\/schema.org\",\"@graph\":[{\"@type\":\"WebPage\",\"@id\":\"https:\/\/www.octagon-support.eu\/polityka-plikow-cookies\/\",\"url\":\"https:\/\/www.octagon-support.eu\/polityka-plikow-cookies\/\",\"name\":\"Polityka plik\u00f3w cookies - Octagon Support\",\"isPartOf\":{\"@id\":\"https:\/\/www.octagon-support.eu\/#website\"},\"datePublished\":\"2021-10-14T11:05:18+00:00\",\"dateModified\":\"2026-03-04T14:51:08+00:00\",\"breadcrumb\":{\"@id\":\"https:\/\/www.octagon-support.eu\/polityka-plikow-cookies\/#breadcrumb\"},\"inLanguage\":\"en-GB\",\"potentialAction\":[{\"@type\":\"ReadAction\",\"target\":[\"https:\/\/www.octagon-support.eu\/polityka-plikow-cookies\/\"]}]},{\"@type\":\"BreadcrumbList\",\"@id\":\"https:\/\/www.octagon-support.eu\/polityka-plikow-cookies\/#breadcrumb\",\"itemListElement\":[{\"@type\":\"ListItem\",\"position\":1,\"name\":\"Strona g\u0142\u00f3wna\",\"item\":\"https:\/\/www.octagon-support.eu\/\"},{\"@type\":\"ListItem\",\"position\":2,\"name\":\"Polityka plik\u00f3w cookies\"}]},{\"@type\":\"WebSite\",\"@id\":\"https:\/\/www.octagon-support.eu\/#website\",\"url\":\"https:\/\/www.octagon-support.eu\/\",\"name\":\"Octagon\",\"description\":\"Kompleksowe wsparcie dla Twojego biznesu z Holandii\",\"publisher\":{\"@id\":\"https:\/\/www.octagon-support.eu\/#organization\"},\"potentialAction\":[{\"@type\":\"SearchAction\",\"target\":{\"@type\":\"EntryPoint\",\"urlTemplate\":\"https:\/\/www.octagon-support.eu\/?s={search_term_string}\"},\"query-input\":{\"@type\":\"PropertyValueSpecification\",\"valueRequired\":true,\"valueName\":\"search_term_string\"}}],\"inLanguage\":\"en-GB\"},{\"@type\":\"Organization\",\"@id\":\"https:\/\/www.octagon-support.eu\/#organization\",\"name\":\"Octagon\",\"url\":\"https:\/\/www.octagon-support.eu\/\",\"logo\":{\"@type\":\"ImageObject\",\"inLanguage\":\"en-GB\",\"@id\":\"https:\/\/www.octagon-support.eu\/#\/schema\/logo\/image\/\",\"url\":\"https:\/\/www.octagon-support.eu\/wp-content\/uploads\/2025\/07\/logo.webp\",\"contentUrl\":\"https:\/\/www.octagon-support.eu\/wp-content\/uploads\/2025\/07\/logo.webp\",\"width\":210,\"height\":210,\"caption\":\"Octagon\"},\"image\":{\"@id\":\"https:\/\/www.octagon-support.eu\/#\/schema\/logo\/image\/\"}}]}<\/script>\n<!-- \/ Yoast SEO plugin. -->","yoast_head_json":{"title":"Cookie policy - Octagon Support","robots":{"index":"noindex","follow":"follow"},"og_locale":"en_GB","og_type":"article","og_title":"Polityka plik\u00f3w cookies - Octagon Support","og_description":"Czym s\u0105 pliki \u201ecookies\u201d? Pliki cookies (tzw. ciasteczka) s\u0142u\u017c\u0105 do przechowywania danych informatycznych, najcz\u0119\u015bciej w formie plik\u00f3w tekstowych, w urz\u0105dzeniu ko\u0144cowym u\u017cytkownika (np. komputerze, laptopie, smartfonie). Cookies zazwyczaj zawieraj\u0105 nazw\u0119 strony internetowej z kt\u00f3rej pochodz\u0105, czas przechowywania ich na urz\u0105dzeniu ko\u0144cowym oraz unikalny numer. Rodzaje u\u017cywanych plik\u00f3w \u201ecookies\u201d Sesyjne pliki cookies S\u0142u\u017c\u0105 do zapami\u0119tania wybor\u00f3w...","og_url":"https:\/\/www.octagon-support.eu\/en\/cookie-policy\/","og_site_name":"Octagon Support","article_modified_time":"2026-03-04T14:51:08+00:00","twitter_card":"summary_large_image","twitter_misc":{"Estimated reading time":"2 minutes"},"schema":{"@context":"https:\/\/schema.org","@graph":[{"@type":"WebPage","@id":"https:\/\/www.octagon-support.eu\/polityka-plikow-cookies\/","url":"https:\/\/www.octagon-support.eu\/polityka-plikow-cookies\/","name":"Cookie policy - Octagon Support","isPartOf":{"@id":"https:\/\/www.octagon-support.eu\/#website"},"datePublished":"2021-10-14T11:05:18+00:00","dateModified":"2026-03-04T14:51:08+00:00","breadcrumb":{"@id":"https:\/\/www.octagon-support.eu\/polityka-plikow-cookies\/#breadcrumb"},"inLanguage":"en-GB","potentialAction":[{"@type":"ReadAction","target":["https:\/\/www.octagon-support.eu\/polityka-plikow-cookies\/"]}]},{"@type":"BreadcrumbList","@id":"https:\/\/www.octagon-support.eu\/polityka-plikow-cookies\/#breadcrumb","itemListElement":[{"@type":"ListItem","position":1,"name":"Strona g\u0142\u00f3wna","item":"https:\/\/www.octagon-support.eu\/"},{"@type":"ListItem","position":2,"name":"Polityka plik\u00f3w cookies"}]},{"@type":"WebSite","@id":"https:\/\/www.octagon-support.eu\/#website","url":"https:\/\/www.octagon-support.eu\/","name":"Octagon","description":"Comprehensive support for your business from the Netherlands","publisher":{"@id":"https:\/\/www.octagon-support.eu\/#organization"},"potentialAction":[{"@type":"SearchAction","target":{"@type":"EntryPoint","urlTemplate":"https:\/\/www.octagon-support.eu\/?s={search_term_string}"},"query-input":{"@type":"PropertyValueSpecification","valueRequired":true,"valueName":"search_term_string"}}],"inLanguage":"en-GB"},{"@type":"Organization","@id":"https:\/\/www.octagon-support.eu\/#organization","name":"Octagon","url":"https:\/\/www.octagon-support.eu\/","logo":{"@type":"ImageObject","inLanguage":"en-GB","@id":"https:\/\/www.octagon-support.eu\/#\/schema\/logo\/image\/","url":"https:\/\/www.octagon-support.eu\/wp-content\/uploads\/2025\/07\/logo.webp","contentUrl":"https:\/\/www.octagon-support.eu\/wp-content\/uploads\/2025\/07\/logo.webp","width":210,"height":210,"caption":"Octagon"},"image":{"@id":"https:\/\/www.octagon-support.eu\/#\/schema\/logo\/image\/"}}]}},"_links":{"self":[{"href":"https:\/\/www.octagon-support.eu\/en\/wp-json\/wp\/v2\/pages\/3","targetHints":{"allow":["GET"]}}],"collection":[{"href":"https:\/\/www.octagon-support.eu\/en\/wp-json\/wp\/v2\/pages"}],"about":[{"href":"https:\/\/www.octagon-support.eu\/en\/wp-json\/wp\/v2\/types\/page"}],"author":[{"embeddable":true,"href":"https:\/\/www.octagon-support.eu\/en\/wp-json\/wp\/v2\/users\/1"}],"replies":[{"embeddable":true,"href":"https:\/\/www.octagon-support.eu\/en\/wp-json\/wp\/v2\/comments?post=3"}],"version-history":[{"count":1,"href":"https:\/\/www.octagon-support.eu\/en\/wp-json\/wp\/v2\/pages\/3\/revisions"}],"predecessor-version":[{"id":23,"href":"https:\/\/www.octagon-support.eu\/en\/wp-json\/wp\/v2\/pages\/3\/revisions\/23"}],"wp:attachment":[{"href":"https:\/\/www.octagon-support.eu\/en\/wp-json\/wp\/v2\/media?parent=3"}],"curies":[{"name":"wp","href":"https:\/\/api.w.org\/{rel}","templated":true}]}}